{"id":136,"date":"2019-11-07T10:58:58","date_gmt":"2019-11-07T09:58:58","guid":{"rendered":"http:\/\/sophieledesma.com\/?page_id=136"},"modified":"2023-06-19T15:05:04","modified_gmt":"2023-06-19T13:05:04","slug":"shop","status":"publish","type":"page","link":"https:\/\/sophieledesma.com\/index.php\/shop\/","title":{"rendered":"Stockist"},"content":{"rendered":"\n<figure class=\"wp-block-image aligncenter size-large is-resized\"><img loading=\"lazy\" decoding=\"async\" src=\"http:\/\/sophieledesma.com\/wp-content\/uploads\/2019\/11\/BANDEAU-1024x702.jpg\" alt=\"\" class=\"wp-image-365\" width=\"480\" height=\"321\"\/><\/figure>\n\n\n\n<p class=\"has-text-align-center has-cyan-bluish-gray-color has-text-color wp-block-paragraph\">Vous pourrez retrouver les cartes postales, posters et jeux sur les Web boutiques suivantes:<\/p>\n\n\n\n<div class=\"wp-block-group is-layout-flow wp-block-group-is-layout-flow\">\n<p class=\"has-text-align-center wp-block-paragraph\"><a href=\"https:\/\/www.poppik.com\/decouvrir-l-art-c102x3773163\">POPPIK<\/a><\/p>\n\n\n\n<p class=\"has-text-align-center wp-block-paragraph\"><a href=\"https:\/\/groupe-editor.com\/carterie\/bbc83160-bbb5-58f4-809f-6016f2bf32ae\/\">EDITOR<\/a><\/p>\n\n\n\n<p class=\"has-text-align-center wp-block-paragraph\"><a href=\"https:\/\/www.rosenstiels.com\/catalogue\/search?a=3701&amp;o=ByTitle&amp;p=Artist&amp;q=Sophie+Ledesma\">ROSENSTIEL-LONDON<\/a><\/p>\n\n\n\n<p class=\"has-text-align-center wp-block-paragraph\"><a href=\"https:\/\/www.oxybul.com\/loisirs-creatifs\/couper-coller-decorer\/gommettes-stickers-et-autocollants\/tableaux-creer-avec-des-stickers-animaux-marins\/produit\/335931\">DJECO<\/a><\/p>\n<\/div>\n\n\n\n<p class=\"wp-block-paragraph\"><\/p>\n\n\n\n<p class=\"has-text-align-center has-cyan-bluish-gray-color has-text-color wp-block-paragraph\">Les livres pour enfants sont disponibles dans les librairies et en ligne<\/p>\n\n\n\n<p class=\"has-text-align-center has-very-dark-gray-color has-text-color wp-block-paragraph\">COLORAMA, CISORAMA et la s\u00e9rie PETIT RENARD aux \u00e9ditions De La Martini\u00e8re Jeunesse, <\/p>\n\n\n\n<p class=\"has-text-align-center has-very-dark-gray-color has-text-color wp-block-paragraph\">Le KIEKI DES MONSTRES aux \u00e9ditions Saltimbanque, <\/p>\n\n\n\n<p class=\"has-text-align-center wp-block-paragraph\">Les SLIDE AND SEEK aux \u00e9ditions Little Tiger<\/p>\n\n\n\n<p class=\"has-text-align-center has-very-dark-gray-color has-text-color wp-block-paragraph\">LES PETITS DOUX aux \u00e9ditions Fleurus <\/p>\n\n\n\n<p class=\"wp-block-paragraph\"><\/p>\n","protected":false},"excerpt":{"rendered":"<p>Vous pourrez retrouver les cartes postales, posters et jeux sur les Web boutiques suivantes: POPPIK EDITOR ROSENSTIEL-LONDON DJECO Les livres pour enfants sont disponibles dans les librairies et en ligne COLORAMA, CISORAMA et la s\u00e9rie PETIT RENARD aux \u00e9ditions De La Martini\u00e8re Jeunesse, Le KIEKI DES MONSTRES aux \u00e9ditions Saltimbanque, Les SLIDE AND SEEK aux [&hellip;]<\/p>\n","protected":false},"author":1,"featured_media":0,"parent":0,"menu_order":0,"comment_status":"closed","ping_status":"closed","template":"","meta":{"_crdt_document":"","footnotes":""},"class_list":["post-136","page","type-page","status-publish","hentry"],"jetpack_sharing_enabled":true,"_links":{"self":[{"href":"https:\/\/sophieledesma.com\/index.php\/wp-json\/wp\/v2\/pages\/136","targetHints":{"allow":["GET"]}}],"collection":[{"href":"https:\/\/sophieledesma.com\/index.php\/wp-json\/wp\/v2\/pages"}],"about":[{"href":"https:\/\/sophieledesma.com\/index.php\/wp-json\/wp\/v2\/types\/page"}],"author":[{"embeddable":true,"href":"https:\/\/sophieledesma.com\/index.php\/wp-json\/wp\/v2\/users\/1"}],"replies":[{"embeddable":true,"href":"https:\/\/sophieledesma.com\/index.php\/wp-json\/wp\/v2\/comments?post=136"}],"version-history":[{"count":0,"href":"https:\/\/sophieledesma.com\/index.php\/wp-json\/wp\/v2\/pages\/136\/revisions"}],"wp:attachment":[{"href":"https:\/\/sophieledesma.com\/index.php\/wp-json\/wp\/v2\/media?parent=136"}],"curies":[{"name":"wp","href":"https:\/\/api.w.org\/{rel}","templated":true}]}}