{"id":21,"date":"2019-11-06T17:36:27","date_gmt":"2019-11-06T16:36:27","guid":{"rendered":"http:\/\/sophieledesma.com\/?page_id=21"},"modified":"2023-06-19T14:56:51","modified_gmt":"2023-06-19T12:56:51","slug":"about","status":"publish","type":"page","link":"https:\/\/sophieledesma.com\/index.php\/about\/","title":{"rendered":"About"},"content":{"rendered":"\n<figure class=\"wp-block-image aligncenter is-resized\"><img loading=\"lazy\" decoding=\"async\" src=\"http:\/\/sophieledesma.com\/wp-content\/uploads\/2019\/11\/ABOUT-1024x940.jpg\" alt=\"\" class=\"wp-image-128\" width=\"400\" height=\"373\"\/><\/figure>\n\n\n\n<p class=\"wp-block-paragraph\">Dipl\u00f4m\u00e9e de l\u2019ESAG Penninghen, je travaille comme illustratrice pour la presse, la publicit\u00e9 et l\u2019\u00e9dition. Je con\u00e7ois des livres illustr\u00e9s et des jeux pour les enfants. J&rsquo;illustre des campagnes publicitaires, des collections de posters et de carterie. J&rsquo;explore un univers ludique et color\u00e9. Mes clients les marques IKEA &#8211; CENTRE POMPIDOU \u2013 DJECO \u2013 DE LA MARTINIERE JEUNESSE \u2013 HOPITAL NECKER \u2013 NATHAN &#8211; POPPIK &#8211; UK GREETING &#8211; NATURAL LIFE &#8211; PAPYRUS &#8211; BAYARD &#8211; LITTLE TIGER.<\/p>\n\n\n\n<p class=\"has-cyan-bluish-gray-color has-text-color wp-block-paragraph\">Graduate of the ESAG Penninghen in Paris, Sophie Ledesma is currently working as illustrator. She participates in the development of collection of illustrated children&rsquo;s book, greeting cards and posters. His clients IKEA &#8211; CENTRE POMPIDOU \u2013 DJECO \u2013 DE LA MARTINIERE JEUNESSE \u2013 HOPITAL NECKER \u2013 NATHAN &#8211; POPPIK &#8211; UK GREETING &#8211; NATURAL LIFE &#8211; PAPYRUS &#8211; BAYARD &#8211; LITTLE TIGER . His world fun and colorful.<\/p>\n\n\n\n<p class=\"wp-block-paragraph\"><\/p>\n","protected":false},"excerpt":{"rendered":"<p>Dipl\u00f4m\u00e9e de l\u2019ESAG Penninghen, je travaille comme illustratrice pour la presse, la publicit\u00e9 et l\u2019\u00e9dition. Je con\u00e7ois des livres illustr\u00e9s et des jeux pour les enfants. J&rsquo;illustre des campagnes publicitaires, des collections de posters et de carterie. J&rsquo;explore un univers ludique et color\u00e9. Mes clients les marques IKEA &#8211; CENTRE POMPIDOU \u2013 DJECO \u2013 DE [&hellip;]<\/p>\n","protected":false},"author":1,"featured_media":0,"parent":0,"menu_order":0,"comment_status":"closed","ping_status":"closed","template":"","meta":{"_crdt_document":"","footnotes":""},"class_list":["post-21","page","type-page","status-publish","hentry"],"jetpack_sharing_enabled":true,"_links":{"self":[{"href":"https:\/\/sophieledesma.com\/index.php\/wp-json\/wp\/v2\/pages\/21","targetHints":{"allow":["GET"]}}],"collection":[{"href":"https:\/\/sophieledesma.com\/index.php\/wp-json\/wp\/v2\/pages"}],"about":[{"href":"https:\/\/sophieledesma.com\/index.php\/wp-json\/wp\/v2\/types\/page"}],"author":[{"embeddable":true,"href":"https:\/\/sophieledesma.com\/index.php\/wp-json\/wp\/v2\/users\/1"}],"replies":[{"embeddable":true,"href":"https:\/\/sophieledesma.com\/index.php\/wp-json\/wp\/v2\/comments?post=21"}],"version-history":[{"count":0,"href":"https:\/\/sophieledesma.com\/index.php\/wp-json\/wp\/v2\/pages\/21\/revisions"}],"wp:attachment":[{"href":"https:\/\/sophieledesma.com\/index.php\/wp-json\/wp\/v2\/media?parent=21"}],"curies":[{"name":"wp","href":"https:\/\/api.w.org\/{rel}","templated":true}]}}