{"id":493,"date":"2022-02-01T19:29:32","date_gmt":"2022-02-01T18:29:32","guid":{"rendered":"https:\/\/sophieledesma.com\/?page_id=493"},"modified":"2022-02-01T19:29:32","modified_gmt":"2022-02-01T18:29:32","slug":"mentions-legales","status":"publish","type":"page","link":"https:\/\/sophieledesma.com\/index.php\/mentions-legales\/","title":{"rendered":"Mentions l\u00e9gales"},"content":{"rendered":"\n<p class=\"wp-block-paragraph\">Conform\u00e9ment aux dispositions de la loi n\u00b0 2004-575 du 21 juin 2004 pour la confiance en l\u2019\u00e9conomie num\u00e9rique, il est pr\u00e9cis\u00e9 aux utilisateurs du site <a href=\"https:\/\/sophieledesma.com\/\">sophieledesma.com<\/a> l\u2019identit\u00e9 des diff\u00e9rents intervenants dans le cadre de sa r\u00e9alisation et de son suivi.<\/p>\n\n\n\n<h2 class=\"wp-block-heading\" id=\"edition-du-site\">Edition du site<\/h2>\n\n\n\n<p class=\"wp-block-paragraph\">Le site <a href=\"https:\/\/sophieledesma.com\/\">sophieledesma.com<\/a> est\u00a0\u00e9dit\u00e9 par\u00a0Sophie Ledesma<\/p>\n\n\n\n<h2 class=\"wp-block-heading\" id=\"responsable-de-publication\">Responsable de publication<\/h2>\n\n\n\n<p class=\"wp-block-paragraph\">Sophie Ledesma<\/p>\n\n\n\n<h2 class=\"wp-block-heading\" id=\"hebergeur\">H\u00e9bergeur<\/h2>\n\n\n\n<p class=\"wp-block-paragraph\">Le site <a href=\"https:\/\/sophieledesma.com\/\">sophieledesma.com<\/a> est\u00a0h\u00e9berg\u00e9 par la soci\u00e9t\u00e9 Soci\u00e9t\u00e9 OVH<\/p>\n\n\n\n<p class=\"wp-block-paragraph\">Adresse: 2 rue Kellermann \u2013 BP 80157 59053 ROUBAIX CEDEX 1\u00a0<\/p>\n\n\n\n<h2 class=\"wp-block-heading\" id=\"nous-contacter\">Nous contacter<\/h2>\n\n\n\n<ul class=\"wp-block-list\"><li>via le <a href=\"\/index.php\/contact\/\" data-type=\"URL\">formulaire de contact<\/a><\/li><\/ul>\n","protected":false},"excerpt":{"rendered":"<p>Conform\u00e9ment aux dispositions de la loi n\u00b0 2004-575 du 21 juin 2004 pour la confiance en l\u2019\u00e9conomie num\u00e9rique, il est pr\u00e9cis\u00e9 aux utilisateurs du site sophieledesma.com l\u2019identit\u00e9 des diff\u00e9rents intervenants dans le cadre de sa r\u00e9alisation et de son suivi. Edition du site Le site sophieledesma.com est\u00a0\u00e9dit\u00e9 par\u00a0Sophie Ledesma Responsable de publication Sophie Ledesma H\u00e9bergeur [&hellip;]<\/p>\n","protected":false},"author":1,"featured_media":0,"parent":0,"menu_order":0,"comment_status":"closed","ping_status":"closed","template":"","meta":{"_crdt_document":"","footnotes":""},"class_list":["post-493","page","type-page","status-publish","hentry"],"jetpack_sharing_enabled":true,"_links":{"self":[{"href":"https:\/\/sophieledesma.com\/index.php\/wp-json\/wp\/v2\/pages\/493","targetHints":{"allow":["GET"]}}],"collection":[{"href":"https:\/\/sophieledesma.com\/index.php\/wp-json\/wp\/v2\/pages"}],"about":[{"href":"https:\/\/sophieledesma.com\/index.php\/wp-json\/wp\/v2\/types\/page"}],"author":[{"embeddable":true,"href":"https:\/\/sophieledesma.com\/index.php\/wp-json\/wp\/v2\/users\/1"}],"replies":[{"embeddable":true,"href":"https:\/\/sophieledesma.com\/index.php\/wp-json\/wp\/v2\/comments?post=493"}],"version-history":[{"count":0,"href":"https:\/\/sophieledesma.com\/index.php\/wp-json\/wp\/v2\/pages\/493\/revisions"}],"wp:attachment":[{"href":"https:\/\/sophieledesma.com\/index.php\/wp-json\/wp\/v2\/media?parent=493"}],"curies":[{"name":"wp","href":"https:\/\/api.w.org\/{rel}","templated":true}]}}